{"id":70338,"date":"2024-05-02T04:08:34","date_gmt":"2024-05-02T02:08:34","guid":{"rendered":"https:\/\/vylety.horskachata-arnika.cz\/?page_id=70338"},"modified":"2024-05-02T04:08:34","modified_gmt":"2024-05-02T02:08:34","slug":"zasady-ochrany-osobnich-udaju","status":"publish","type":"page","link":"https:\/\/vylety.horskachata-arnika.cz\/?page_id=70338","title":{"rendered":"Z\u00e1sady ochrany osobn\u00edch \u00fadaj\u016f"},"content":{"rendered":"<p>\r\n\t\r\n<\/p>\r\n\r\n<h2 class=\"wp-block-heading\" style=\"text-align: justify;\">\r\n\tKdo jsme\r\n<\/h2>\r\n\r\n<p style=\"text-align: justify;\">\r\n\tNa&scaron;e webov&aacute; adresa je: https:\/\/vylety.horskachata-arnika.cz.\r\n<\/p>\r\n\r\n<h2 style=\"text-align: justify;\">\r\n\tKoment&aacute;\u0159e\r\n<\/h2>\r\n\r\n<p style=\"text-align: justify;\">\r\n\tKdy\u017e n&aacute;v&scaron;t\u011bvn&iacute;ci p\u0159idaj&iacute; koment&aacute;\u0159 na tento web, jsou shroma\u017e\u010fov&aacute;ny &uacute;daje zobrazen&eacute; ve formul&aacute;\u0159i pro koment&aacute;\u0159, d&aacute;le IP adresa n&aacute;v&scaron;t\u011bvn&iacute;ka a&nbsp;\u0159et\u011bzec user agent definuj&iacute;c&iacute; prohl&iacute;\u017ee\u010d, co\u017e pom&aacute;h&aacute; k&nbsp;detekci spamu.\r\n<\/p>\r\n\r\n<p style=\"text-align: justify;\">\r\n\tSlu\u017eb\u011b Gravatar m\u016f\u017ee b&yacute;t poskytnut anonymn&iacute; \u0159et\u011bzec vytvo\u0159en&yacute; z&nbsp;va&scaron;&iacute; e-mailov&eacute; adresy (naz&yacute;van&yacute; tak&eacute; hash), d&iacute;ky kter&eacute;mu lze ur\u010dit jestli tuto slu\u017ebu pou\u017e&iacute;v&aacute;te. Z&aacute;sady ochrany osobn&iacute;ch &uacute;daj\u016f slu\u017eby Gravatar jsou k&nbsp;dispozici zde: https:\/\/automattic.com\/privacy\/. Po&nbsp;schv&aacute;len&iacute; va&scaron;eho koment&aacute;\u0159e je v&aacute;&scaron; profilov&yacute; obr&aacute;zek viditeln&yacute; pro ve\u0159ejnost v&nbsp;kontextu va&scaron;eho koment&aacute;\u0159e.\r\n<\/p>\r\n\r\n<h2 style=\"text-align: justify;\">\r\n\tM&eacute;dia\r\n<\/h2>\r\n\r\n<p style=\"text-align: justify;\">\r\n\tPokud nahr&aacute;v&aacute;te obr&aacute;zky na tento web, m\u011bli byste se vyhnout nahr&aacute;v&aacute;n&iacute; obr&aacute;zk\u016f s&nbsp;vlo\u017een&yacute;mi &uacute;daji o&nbsp;poloze (EXIF GPS). N&aacute;v&scaron;t\u011bvn&iacute;ci webu mohou st&aacute;hnout a&nbsp;zobrazit libovoln&eacute; data o&nbsp;poloze z&nbsp;obr&aacute;zk\u016f na webu.\r\n<\/p>\r\n\r\n<h2 style=\"text-align: justify;\">\r\n\tCookies\r\n<\/h2>\r\n\r\n<p style=\"text-align: justify;\">\r\n\tPokud na na&scaron;e str&aacute;nky p\u0159id&aacute;te koment&aacute;\u0159, m\u016f\u017eete povolit ulo\u017een&iacute; jm&eacute;na, e-mailov&eacute; adresy a&nbsp;webov&eacute; str&aacute;nky do cookies. T&iacute;mto zp\u016fsobem se sna\u017e&iacute;me zv&yacute;&scaron;it v&aacute;&scaron; komfort, kdy\u017e budete ps&aacute;t nov&yacute; koment&aacute;\u0159 u\u017e pak nebudete muset tyto &uacute;daje znovu vypl\u0148ovat. Tyto soubory cookies budou m&iacute;t \u017eivotnost jeden rok.\r\n<\/p>\r\n\r\n<p style=\"text-align: justify;\">\r\n\tPokud nav&scaron;t&iacute;v&iacute;te na&scaron;i&nbsp;p\u0159ihla&scaron;ovac&iacute; str&aacute;nku, nastav&iacute;me do\u010dasn&eacute; cookies pro ov\u011b\u0159en&iacute;, zda v&aacute;&scaron; prohl&iacute;\u017ee\u010d p\u0159ij&iacute;m&aacute; soubory cookies. Tento soubor cookies neobsahuje \u017e&aacute;dn&aacute; osobn&iacute; data a&nbsp;p\u0159i&nbsp;zav\u0159en&iacute; prohl&iacute;\u017ee\u010de se zru&scaron;&iacute;.\r\n<\/p>\r\n\r\n<p style=\"text-align: justify;\">\r\n\tP\u0159i p\u0159ihla&scaron;ov&aacute;n&iacute; v&aacute;m nastav&iacute;me tak&eacute; n\u011bkolik soubor\u016f cookies pro ulo\u017een&iacute; va&scaron;ich p\u0159ihla&scaron;ovac&iacute;ch &uacute;daj\u016f a&nbsp;pro nastaven&iacute; zobrazen&iacute; obrazovky. P\u0159ihla&scaron;ovac&iacute; soubory cookies maj&iacute; \u017eivotnost dva dny a&nbsp;cookies pro nastaven&iacute; zobrazen&iacute; maj&iacute; \u017eivotnost jeden rok. Pokud potvrd&iacute;te mo\u017enost &bdquo;Zapamatovat si m\u011b&ldquo;, va&scaron;e p\u0159ihl&aacute;&scaron;en&iacute; bude trvat dva t&yacute;dny. Pokud se ze sv&eacute;ho &uacute;\u010dtu odhl&aacute;s&iacute;te, p\u0159ihla&scaron;ovac&iacute; cookies budou odstran\u011bny.\r\n<\/p>\r\n\r\n<p style=\"text-align: justify;\">\r\n\tPokud upravujete nebo publikujete \u010dl&aacute;nek, bude ve va&scaron;em prohl&iacute;\u017ee\u010di ulo\u017een dal&scaron;&iacute; cookie. Tento cookie neobsahuje \u017e&aacute;dn&aacute; osobn&iacute; data a&nbsp;jednodu&scaron;e ozna\u010duje ID p\u0159&iacute;sp\u011bvku, kter&yacute; jste pr&aacute;v\u011b upravili. Jeho platnost vypr&scaron;&iacute; po&nbsp;1 dni.\r\n<\/p>\r\n\r\n<h2 style=\"text-align: justify;\">\r\n\tVlo\u017een&yacute; obsah z&nbsp;dal&scaron;&iacute;ch web\u016f\r\n<\/h2>\r\n\r\n<p style=\"text-align: justify;\">\r\n\tP\u0159&iacute;sp\u011bvky na t\u011bchto str&aacute;nk&aacute;ch mohou obsahovat vlo\u017een&yacute; obsah (nap\u0159&iacute;klad videa, obr&aacute;zky, \u010dl&aacute;nky atd.). Vlo\u017een&yacute; obsah z&nbsp;jin&yacute;ch webov&yacute;ch str&aacute;nek se chov&aacute; stejn&yacute;m zp\u016fsobem, jako kdyby n&aacute;v&scaron;t\u011bvn&iacute;k&nbsp;nav&scaron;t&iacute;vil jin&yacute; web.\r\n<\/p>\r\n\r\n<p style=\"text-align: justify;\">\r\n\tTyto webov&eacute; str&aacute;nky mohou shroma\u017e\u010fovat data o&nbsp;v&aacute;s, pou\u017e&iacute;vat soubory cookies, vkl&aacute;dat dal&scaron;&iacute; sledov&aacute;n&iacute; od t\u0159et&iacute;ch stran a&nbsp;sledovat va&scaron;i&nbsp;interakci s&nbsp;t&iacute;mto vlo\u017een&yacute;m obsahem, v\u010detn\u011b sledov&aacute;n&iacute; interakce s&nbsp;vlo\u017een&yacute;m obsahem, pokud m&aacute;te &uacute;\u010det a&nbsp;jste p\u0159ihl&aacute;&scaron;eni na danou webovou str&aacute;nku.\r\n<\/p>\r\n\r\n<h2 style=\"text-align: justify;\">\r\n\tS k&yacute;m sd&iacute;l&iacute;me va&scaron;e &uacute;daje\r\n<\/h2>\r\n\r\n<p style=\"text-align: justify;\">\r\n\tPokud po\u017eadujete obnoven&iacute; hesla, va&scaron;e adresa IP bude uvedena v&nbsp;e-mailu pro obnoven&iacute; hesla.\r\n<\/p>\r\n\r\n<h2 style=\"text-align: justify;\">\r\n\tJak dlouho uchov&aacute;v&aacute;me va&scaron;e &uacute;daje\r\n<\/h2>\r\n\r\n<p style=\"text-align: justify;\">\r\n\tPokud p\u0159id&aacute;te koment&aacute;\u0159, koment&aacute;\u0159 a&nbsp;jeho metadata budou uchov&aacute;v&aacute;na po&nbsp;dobu neur\u010ditou. &Uacute;daje jsou uchov&aacute;v&aacute;ny za &uacute;\u010delem automatick&eacute;ho rozpozn&aacute;n&iacute; a&nbsp;schv&aacute;len&iacute; v&scaron;ech n&aacute;sledn&yacute;ch koment&aacute;\u0159\u016f, m&iacute;sto jejich dr\u017een&iacute; ve front\u011b moderov&aacute;n&iacute;.\r\n<\/p>\r\n\r\n<p style=\"text-align: justify;\">\r\n\tPro u\u017eivatele, kte\u0159&iacute; se registruj&iacute; na tomto webu (pokud maj&iacute; tuto mo\u017enost), ukl&aacute;d&aacute;me tak&eacute; osobn&iacute; &uacute;daje, kter&eacute; uv&aacute;d\u011bj&iacute; ve sv&eacute;m u\u017eivatelsk&eacute;m profilu. V&scaron;ichni u\u017eivatel&eacute; mohou kdykoliv vid\u011bt, upravovat nebo smazat sv&eacute; osobn&iacute; &uacute;daje (s&nbsp;v&yacute;jimkou toho, \u017ee nemohou zm\u011bnit sv&eacute; u\u017eivatelsk&eacute; jm&eacute;no). Administr&aacute;to\u0159i webu mohou tak&eacute; tyto informace zobrazit a&nbsp;upravovat.\r\n<\/p>\r\n\r\n<h2 style=\"text-align: justify;\">\r\n\tJak&aacute; m&aacute;te pr&aacute;va?\r\n<\/h2>\r\n\r\n<p style=\"text-align: justify;\">\r\n\tPokud m&aacute;te na tomto webu &uacute;\u010det nebo jste zde p\u0159idali koment&aacute;\u0159e, m\u016f\u017eete po\u017e&aacute;dat o&nbsp;obdr\u017een&iacute; souboru s&nbsp;exportem osobn&iacute;ch &uacute;daj\u016f, kter&eacute; o&nbsp;v&aacute;s&nbsp;uchov&aacute;v&aacute;me, v\u010detn\u011b v&scaron;ech &uacute;daj\u016f, kter&eacute; jste n&aacute;m poskytli. M\u016f\u017eete tak&eacute; po\u017e&aacute;dat o&nbsp;odstran\u011bn&iacute; ve&scaron;ker&yacute;ch osobn&iacute;ch &uacute;daj\u016f, kter&eacute; o&nbsp;v&aacute;s&nbsp;uchov&aacute;v&aacute;me. Tato mo\u017enost nezahrnuje &uacute;daje, kter&eacute; jsme povinni uchov&aacute;vat z&nbsp;administrativn&iacute;ch, pr&aacute;vn&iacute;ch nebo bezpe\u010dnostn&iacute;ch d\u016fvod\u016f.\r\n<\/p>\r\n\r\n<h2 style=\"text-align: justify;\">\r\n\tKam se pos&iacute;laj&iacute; va&scaron;e data\r\n<\/h2>\r\n\r\n<p style=\"text-align: justify;\">\r\n\tKoment&aacute;\u0159e n&aacute;v&scaron;t\u011bvn&iacute;k\u016f mohou b&yacute;t kontrolov&aacute;ny prost\u0159ednictv&iacute;m automatizovan&eacute; slu\u017eby detekce spamu, kter&aacute; m\u016f\u017ee b&yacute;t um&iacute;st\u011bna v&nbsp;zahrani\u010d&iacute;.\r\n<\/p>\r\n\r\n<p>\r\n\t\r\n<\/p>\r\n","protected":false},"excerpt":{"rendered":"<p>Kdo jsme Na&scaron;e webov&aacute; adresa je: https:\/\/vylety.horskachata-arnika.cz. Koment&aacute;\u0159e Kdy\u017e n&aacute;v&scaron;t\u011bvn&iacute;ci p\u0159idaj&iacute; koment&aacute;\u0159 na tento web, jsou shroma\u017e\u010fov&aacute;ny &uacute;daje zobrazen&eacute; ve formul&aacute;\u0159i pro koment&aacute;\u0159, d&aacute;le IP adresa n&aacute;v&scaron;t\u011bvn&iacute;ka a&nbsp;\u0159et\u011bzec user agent definuj&iacute;c&iacute; prohl&iacute;\u017ee\u010d, co\u017e pom&aacute;h&aacute; k&nbsp;detekci spamu. Slu\u017eb\u011b Gravatar m\u016f\u017ee b&yacute;t poskytnut anonymn&iacute; \u0159et\u011bzec vytvo\u0159en&yacute; z&nbsp;va&scaron;&iacute; e-mailov&eacute; adresy (naz&yacute;van&yacute; tak&eacute; hash), d&iacute;ky kter&eacute;mu lze ur\u010dit jestli [&hellip;]<\/p>\n","protected":false},"author":3,"featured_media":0,"parent":0,"menu_order":0,"comment_status":"closed","ping_status":"closed","template":"","meta":{"ngg_post_thumbnail":0,"footnotes":""},"class_list":["post-70338","page","type-page","status-publish","hentry"],"_links":{"self":[{"href":"https:\/\/vylety.horskachata-arnika.cz\/index.php?rest_route=\/wp\/v2\/pages\/70338","targetHints":{"allow":["GET"]}}],"collection":[{"href":"https:\/\/vylety.horskachata-arnika.cz\/index.php?rest_route=\/wp\/v2\/pages"}],"about":[{"href":"https:\/\/vylety.horskachata-arnika.cz\/index.php?rest_route=\/wp\/v2\/types\/page"}],"author":[{"embeddable":true,"href":"https:\/\/vylety.horskachata-arnika.cz\/index.php?rest_route=\/wp\/v2\/users\/3"}],"replies":[{"embeddable":true,"href":"https:\/\/vylety.horskachata-arnika.cz\/index.php?rest_route=%2Fwp%2Fv2%2Fcomments&post=70338"}],"version-history":[{"count":1,"href":"https:\/\/vylety.horskachata-arnika.cz\/index.php?rest_route=\/wp\/v2\/pages\/70338\/revisions"}],"predecessor-version":[{"id":70339,"href":"https:\/\/vylety.horskachata-arnika.cz\/index.php?rest_route=\/wp\/v2\/pages\/70338\/revisions\/70339"}],"wp:attachment":[{"href":"https:\/\/vylety.horskachata-arnika.cz\/index.php?rest_route=%2Fwp%2Fv2%2Fmedia&parent=70338"}],"curies":[{"name":"wp","href":"https:\/\/api.w.org\/{rel}","templated":true}]}}