{"id":33248,"date":"2020-09-12T20:00:41","date_gmt":"2020-09-12T18:00:41","guid":{"rendered":"https:\/\/vylety.horskachata-arnika.cz\/?page_id=33248"},"modified":"2020-09-12T19:51:03","modified_gmt":"2020-09-12T17:51:03","slug":"seznam-chybejicich-nalepek","status":"publish","type":"page","link":"https:\/\/vylety.horskachata-arnika.cz\/?page_id=33248","title":{"rendered":"Seznam chyb\u011bj\u00edc\u00edch n\u00e1lepek"},"content":{"rendered":"<p>\n\tCZ-1115: Relax v&nbsp;podh\u016f\u0159&iacute; Beskyd &ndash; &Scaron;tramberk (nelze objednat)<br \/>\n\tCZ-1420: Rozhledna Sv.&nbsp;Kope\u010dek VERZE 1 (nelze objednat)<br \/>\n\tCZ-159: Hrad Rot&scaron;tejn (v1) (nelze objednat)<br \/>\n\tCZ-192: Hrad Bezd\u011bz (v1) (nelze objednat)<br \/>\n\tCZ-2094: Arboretum Bukovina (v1) (nelze objednat)<br \/>\n\tCZ-37: Dr&aacute;bsk&eacute; sv\u011btni\u010dky (v1) (nelze objednat)<br \/>\n\tCZ-695: Synagoga Turnov (v1) (nelze objednat)<br \/>\n\tCZ-725: Pustevny &ndash; Mam\u011bnka a&nbsp;Libu&scaron;&iacute;n (v1) (nelze objednat)<br \/>\n\tCZ-726: Radegast (v1) (nelze objednat)<br \/>\n\tCZ-799: Pam&aacute;tn&iacute;k&nbsp;Li&scaron;ky Bystrou&scaron;ky v&nbsp;Hukvaldech (v1) (nelze objednat)<br \/>\n\tCZ-828: Ro\u017enov pod Radho&scaron;t\u011bm (v1) (nelze objednat)<br \/>\n\tCZ-1198: Slov&aacute;ck&yacute; rok v&nbsp;Kyjov\u011b &#8211; J&iacute;zda Kr&aacute;l\u016f (nelze objednat)<br \/>\n\tCZ-1199: Kyjov (v1) (nelze objednat)<br \/>\n\tCZ-1040: Hrad &Uacute;sov (v1) (nelze objednat)<br \/>\n\tA-61: Vlakem \u010cD s&nbsp;Turistick&yacute;m den&iacute;kem do Olomouce (nelze objednat)<br \/>\n\tCZ-3763: \u010cerven&aacute; v\u011b\u017e (v1) (nelze objednat)<br \/>\n\tCZ-2689: Pam&aacute;tn&iacute;k&nbsp;\u017eelezn&eacute; opony u&nbsp;\u010c&iacute;\u017eova (v1) (nelze objednat)<br \/>\n\tCZ-1046: Znojemsk&yacute; hrad (v1) (nelze objednat)<br \/>\n\tCZ-1416: Z&aacute;mek Slavkov&ndash;Austerlitz (v1) (nelze objednat)<br \/>\n\tCZ-1081: Kv\u011btn&aacute; zahrada Krom\u011b\u0159&iacute;\u017e (v1) (nelze objednta, zru&scaron;ena)<br \/>\n\tCZ-G69: Ob\u010derstven&iacute; Rokle (nelze objednat)<br \/>\n\tV-120: 100 let turistick&eacute; trasy Bene&scaron;ov-Konopi&scaron;t\u011b 1919&ndash;2019 (nelze objednat)<br \/>\n\tCZ-G107: Restaurace Pod Hradem v&nbsp;\u010cesk&eacute;m &Scaron;ternberku (nelze objednat)<br \/>\n\tCZ-344: Hrad \u010cesk&yacute; &Scaron;ternberk &nbsp;(v1) (nelze objednat, zru&scaron;ena)<br \/>\n\tA-317: Putov&aacute;n&iacute; &scaron;ternberskou histori&iacute; (\u0159&iacute;jen) (nelze objednat)<br \/>\n\tCZ-1216: Z&aacute;mek Byst\u0159ice pod Host&yacute;nem (v1) (nelze objednat, zru&scaron;ena)<br \/>\n\tA-107 Vlakem \u010cD s&nbsp;Turistick&yacute;m den&iacute;kem do Opavy v&yacute;chod (v1) (nelze objednat, zru&scaron;ena)<br \/>\n\tA-107 Vlakem \u010cD s&nbsp;Turistick&yacute;m den&iacute;kem do Opavy v&yacute;chod (v2) (nelze objednat)<br \/>\n\tA-502: TRIPPER Litomy&scaron;l&ndash;Renesan\u010dn&iacute; perla UNESCO (nelze objednat)<br \/>\n\tCZ-1473: Letovice (v1) (nelze objednat, zru&scaron;ena)\n<\/p>\n<p>\n\tCZ-2368: Rozhledna Modr&aacute; (v1)<br \/>\n\tCZ-2368: Rozhledna Modr&aacute; (v2)<br \/>\n\tCZ-2271: Barokn&iacute; h\u0159bitov ve St\u0159&iacute;lk&aacute;ch<br \/>\n\tCZ-2267: Pul\u010d&iacute;nsk&eacute; sk&aacute;ly<br \/>\n\tCZ-1098: \u010certovy sk&aacute;ly<br \/>\n\tCZ-1553: L&aacute;zn\u011b Luha\u010dovice (v1) (nelze objednat, zru&scaron;ena)<br \/>\n\tCZ-4932: Pozlovice<br \/>\n\tCZ-1820: Z&aacute;mek Hole&scaron;ov (v1) (nelze objednat, zru&scaron;ena)<br \/>\n\tCZ-2682: V\u011btrn&yacute; ml&yacute;n v&nbsp;Rudici\n<\/p>\n<p>\n\tCZ-922: Kun\u011btick&aacute; hora (v1) (nelze objednat, zru&scaron;ena)<br \/>\n\tA-C52: V&yacute;chodo\u010desk&eacute; divadlo Pardubice &ndash; venkovn&iacute; sc&eacute;na<br \/>\n\tCZ-309: Lanov&eacute; centrum Sundisk<br \/>\n\tCZ-30: Hrad Vranov &ndash; Pantheon (v1, zru&scaron;ena)<br \/>\n\tCZ-28: Such&eacute; sk&aacute;ly (v1, zru&scaron;en&aacute;)<br \/>\n\tCZ-G60: Vechtrovna v&nbsp;Rakous&iacute;ch<br \/>\n\tCZ-28: Such&eacute; sk&aacute;ly (v1, zru&scaron;en&aacute;)<br \/>\n\tCZ-G10 Penzion Ham&scaron;tejn (v2)<br \/>\n\tCZ-55: Semily (v1, zru&scaron;ena)<br \/>\n\tCZ-63: Riegrova stezka (v1)<br \/>\n\tCZ-221: Bozkov (v1) (nelze objednat, zru&scaron;ena)<br \/>\n\tCZ-2187: Sejkorsk&aacute; kapli\u010dka (v2)<br \/>\n\tCZ-152: \u017delezn&yacute; Brod (v1) (nelze objednat, zru&scaron;ena)<br \/>\n\tCZ-1304: B\u011bli&scaron;t\u011b (v1)<br \/>\n\tCZ-3946: Muzeum a&nbsp;galerie DETESK v&nbsp;\u017delezn&eacute;m Brod\u011b<br \/>\n\tCZ-2297: M\u011bstsk&eacute; muzeum v&nbsp;\u017delezn&eacute;m Brod\u011b (v1) (nelze objednat, zru&scaron;ena)<br \/>\n\tCZ-166: Vodop&aacute;dy \u010cern&aacute; Desn&aacute; (v1) (nelze objednat, zru&scaron;ena)<br \/>\n\tCZ-2679: Muzeum J&aacute;ry Cimrmana<br \/>\n\tCZ-2680: Maj&aacute;k&nbsp;J&aacute;ry Cimrmana<br \/>\n\tCZ-G21: Penzion a&nbsp;restaurace U&nbsp;\u010c&aacute;pa<br \/>\n\tCZ-2797: Chata Hv\u011bzda (v1)<br \/>\n\tCZ-2797: Chata Hv\u011bzda (v2)<br \/>\n\tCZ-4109: B&iacute;l&aacute; sk&aacute;la (v1)<br \/>\n\tCZ-3633: Turnovsk&aacute; chata<br \/>\n\tCZ-2795: Pam&aacute;tn&iacute;k&nbsp;ob\u011btem II. sv\u011btov&eacute; v&aacute;lky na Hv\u011bzd\u011b (v1) (nelze objednat, zru&scaron;ena)<br \/>\n\tCZ-175: Tesa\u0159ovsk&aacute; kaple v&nbsp;Ko\u0159enov\u011b (v1) (nelze objednat, zru&scaron;ena)<br \/>\n\tCZ-2779: Muzeum energie ve Velk&yacute;ch Hamrech<br \/>\n\tCZ-2829: Navarov (v1) (nelze objednat, zru&scaron;ena)<br \/>\n\tCZ-578: Z&aacute;mek Hr&aacute;dek u&nbsp;Nechanic (v1) (nelze objednat, zru&scaron;ena)<br \/>\n\tCZ-759: Z&aacute;mek Slati\u0148any (v1)<br \/>\n\tCZ-775: N&aacute;rodn&iacute; h\u0159eb\u010d&iacute;n Kladruby nad Labem &#8211; Slati\u0148any (v1)<br \/>\n\tCZ-3702: Slati\u0148any<br \/>\n\t&nbsp;\n<\/p>\n<hr \/>\n<p>\n\tNo. 1033: Barokn&iacute; h\u0159bitov St\u0159&iacute;lky<br \/>\n\tNo. 1088: Pul\u010d&iacute;nsk&eacute; sk&aacute;ly<br \/>\n\tNo. 1090: \u010certovy Sk&aacute;ly<br \/>\n\tNo. 1087: Bun\u010d Ch\u0159iby<br \/>\n\tNo. 720: Hole&scaron;ov<br \/>\n\tNo. 1730: Z&aacute;mek Hole&scaron;ov<br \/>\n\tNo. 1839: Rozhledna Chochol&iacute;k&nbsp;u&nbsp;Drnovic<br \/>\n\tNo. 142: Sloupsko &#8211; &scaron;o&scaron;uvsk&eacute; jeskyn\u011b<br \/>\n\tNo. 141: Kate\u0159insk&aacute; jeskyn\u011b<br \/>\n\tNo. 144: Skaln&iacute; ml&yacute;n<br \/>\n\tNo. 353: V\u011btrn&yacute; ml&yacute;n Rudice\n<\/p>\n<p>\n\tNo. 224: Kun\u011btick&aacute; Hora<br \/>\n\tNo. 819: Pern&iacute;kov&aacute; chaloupka<br \/>\n\tNo. 461: Kopanina<br \/>\n\tNo. 431: Fr&yacute;d&scaron;tejn<br \/>\n\tNo. 809: Vranov Pantheon<br \/>\n\tNo. 398: Besedick&eacute; sk&aacute;ly<br \/>\n\tNo. 1961: Hrad Zbirohy<br \/>\n\tNo. 1960: Such&eacute; sk&aacute;ly<br \/>\n\tNo. 1754: Ham&scaron;tejn &#8211; \u010cesk&yacute; r&aacute;j<br \/>\n\tNo. 1960: Such&eacute; sk&aacute;ly<br \/>\n\tNo. 574: Bou\u010dk\u016fv statek Mal&aacute; sk&aacute;la<br \/>\n\tNo. 746: Semily &ndash; Riegrova stezka<br \/>\n\tNo. 135: Bozkovsk&eacute; dolomitov&eacute; jeskyn\u011b<br \/>\n\tNo. 930: Poutn&iacute; m&iacute;sto Bozkov<br \/>\n\tNo. 1465: Pivovar Rohozec<br \/>\n\tNo. 796: Desn&aacute; v&nbsp;Jizersk&yacute;ch hor&aacute;ch<br \/>\n\tNo. 796: Desn&aacute; v&nbsp;Jizersk&yacute;ch hor&aacute;ch<br \/>\n\tNo. 984: Tanvald<br \/>\n\tNo. 984: Tanvald<br \/>\n\tNo. 32: &Scaron;t\u011bp&aacute;nka<br \/>\n\tNo. 2081: Tesa\u0159ovsk&aacute; kaple Ko\u0159enov<br \/>\n\tNo. 2023: Maj&aacute;k&nbsp;J&aacute;ry Cimrmana, P\u0159&iacute;chovice<br \/>\n\tNo. 1530: Ozubnicov&aacute; \u017eel.tra\u0165 Tanvald &ndash; Ko\u0159enov<br \/>\n\tNo. 2124: Muzeum energie, Velk&eacute; Hamry<br \/>\n\tNo. 280: Hr&aacute;dek u&nbsp;Nechanic<br \/>\n\tNo. 267: Slati\u0148any<br \/>\n\t&nbsp;\n<\/p>\n<hr \/>\n<p>\n\tTK: 1\/49 Ro\u017enov pod Radho&scaron;t\u011bm, Vala&scaron;sk&eacute; muzeum v&nbsp;p\u0159&iacute;rod\u011b-Vala&scaron;sk&eacute; muzeum v&nbsp;p\u0159&iacute;rod\u011b<br \/>\n\tTK: 10\/24 \u010cern&aacute; Voda, Rychlebsk&eacute; stezky<br \/>\n\tTK: 10\/50 Nau\u010dn&aacute; stezka Kr&aacute;lovec<br \/>\n\tTK: 12\/17 \u017didovsk&eacute; pam&aacute;tky Turnova&nbsp;<br \/>\n\tTK: 12\/46 Nau\u010dn&aacute; stezka Va\u0159&aacute;kovy paseky<br \/>\n\tTK: 12\/50 Ro\u017enov pod Radho&scaron;t\u011bm, Vala&scaron;sk&eacute; muzeum v&nbsp;p\u0159&iacute;rod\u011b-M\u011bste\u010dko pod Radho&scaron;t\u011bm<br \/>\n\tTK: 13\/25 Jeskyn\u011b na &Scaron;pi\u010d&aacute;ku<br \/>\n\tTK: 15\/12 Prachovsk&eacute; sk&aacute;ly&nbsp;<br \/>\n\tTK: 15\/49 Ro\u017enov pod Radho&scaron;t\u011bm, Jurkovi\u010dova rozhledna-Jurkovi\u010dova rozhledna<br \/>\n\tTK: 16\/49 Seninka, obec a&nbsp;okol&iacute; \/ Seninka a&nbsp;Vartovna<br \/>\n\tTK: 17\/15 Dlask\u016fv statek&nbsp;<br \/>\n\tTK: 18\/20 Velk&yacute; Javorn&iacute;k, vrch s&nbsp;rozhlednou<br \/>\n\tTK: 18\/50 Nau\u010dn&aacute; stezka T. G. Masaryka<br \/>\n\tTK: 19\/29 hrad Helf&scaron;t&yacute;n<br \/>\n\tTK: 2\/12 P\u0159ehrada Les Kr&aacute;lovstv&iacute;&nbsp;<br \/>\n\tTK: 20\/21 Karnevalov&eacute; masky &ndash; PVO (Eduard Held Muzeum) Z&aacute;kupy&nbsp;<br \/>\n\tTK: 3\/48 Vala&scaron;sk&eacute; Klobouky, m\u011bsto<br \/>\n\tTK: 3\/49 Jasenn&aacute;, Mikul&aacute;&scaron;t&iacute;kovo fojtstv&iacute;<br \/>\n\tTK: 5\/27 Lipnick&eacute; pam\u011btihodnosti<br \/>\n\tTK: 5\/49 Le&scaron;n&aacute;, z&aacute;mek Z&aacute;mek Le&scaron;n&aacute;<br \/>\n\tTK: 6\/28 Rejv&iacute;z, osada, Horsk&aacute; osada<br \/>\n\tTK: 6\/29 Dolany ruina kl&aacute;&scaron;tera Kartouzka<br \/>\n\tTK: 8\/16 K\u0159&iacute;\u017eov&yacute; vrch<br \/>\n\tTK: 9\/28 \u017dulov&aacute;, Kamenick&eacute; muzeum a&nbsp;obrazov&aacute; galerie<br \/>\n\tTK: 7\/31 Lovecko-lesnick&eacute; muzeum<br \/>\n\tTK: 22\/49 Na vala&scaron;sk&yacute; Olymp<br \/>\n\tTK: 17\/24 Litovelsk&eacute; pomorav&iacute;<br \/>\n\tTK: 9\/30 Romantick&yacute; are&aacute;l<br \/>\n\tTK: 6\/27 Historick&eacute; ko\u010d&aacute;ry<br \/>\n\tTK: 17\/23 Sekery<br \/>\n\tTK: 20\/26 Severem Drahansk&eacute; vrchoviny<br \/>\n\tTK: 5\/8 Orient&aacute;ln&iacute; zbran\u011b<br \/>\n\tTK: 8\/8 Z&aacute;mek s&nbsp;kolon&aacute;dou<br \/>\n\tTK: 3\/27 Z&aacute;mek Hradec nad Moravic&iacute;<br \/>\n\tTK: 21\/46 Za kam&eacute;liemi do Kv\u011btn&eacute; zahrady<br \/>\n\tTK: 20\/50 Expozice Karla Kryla<br \/>\n\tTK: 19\/32 Kolem p\u0159ehrady v&nbsp;\u017delezn&yacute;ch hor&aacute;ch<br \/>\n\tTK: 19\/49 Hrad Lipnice<br \/>\n\tTK: 20\/38 Pos&aacute;zavsk&yacute; klenot<br \/>\n\tTK: 12\/47 Host&yacute;nsk&eacute; vrchy<br \/>\n\tTK: 13\/49 Thonetky\n<\/p>\n<p>\n\tTK: 2\/48: Pul\u010d&iacute;nsk&eacute; sk&aacute;ly<br \/>\n\tTK: 12\/46 Nau\u010dn&aacute; stezka Va\u0159&aacute;kovy Paseky\n<\/p>\n<p>\n\tTK: 7\/21 Galerie Josefa J&iacute;ry<br \/>\n\tTK: 4\/19 Koz&aacute;kov<br \/>\n\tTK: 18\/16 Vodn&iacute; elektr&aacute;rna<br \/>\n\tTK: 21\/17 Bunkr Na Pomez&iacute;<\/p>\n","protected":false},"excerpt":{"rendered":"<p>CZ-1115: Relax v&nbsp;podh\u016f\u0159&iacute; Beskyd &ndash; &Scaron;tramberk (nelze objednat) CZ-1420: Rozhledna Sv.&nbsp;Kope\u010dek VERZE 1 (nelze objednat) CZ-159: Hrad Rot&scaron;tejn (v1) (nelze objednat) CZ-192: Hrad Bezd\u011bz (v1) (nelze objednat) CZ-2094: Arboretum Bukovina (v1) (nelze objednat) CZ-37: Dr&aacute;bsk&eacute; sv\u011btni\u010dky (v1) (nelze objednat) CZ-695: Synagoga Turnov (v1) (nelze objednat) CZ-725: Pustevny &ndash; Mam\u011bnka a&nbsp;Libu&scaron;&iacute;n (v1) (nelze objednat) CZ-726: Radegast [&hellip;]<\/p>\n","protected":false},"author":3,"featured_media":0,"parent":0,"menu_order":0,"comment_status":"closed","ping_status":"closed","template":"","meta":{"ngg_post_thumbnail":0,"footnotes":""},"class_list":["post-33248","page","type-page","status-publish","hentry"],"_links":{"self":[{"href":"https:\/\/vylety.horskachata-arnika.cz\/index.php?rest_route=\/wp\/v2\/pages\/33248","targetHints":{"allow":["GET"]}}],"collection":[{"href":"https:\/\/vylety.horskachata-arnika.cz\/index.php?rest_route=\/wp\/v2\/pages"}],"about":[{"href":"https:\/\/vylety.horskachata-arnika.cz\/index.php?rest_route=\/wp\/v2\/types\/page"}],"author":[{"embeddable":true,"href":"https:\/\/vylety.horskachata-arnika.cz\/index.php?rest_route=\/wp\/v2\/users\/3"}],"replies":[{"embeddable":true,"href":"https:\/\/vylety.horskachata-arnika.cz\/index.php?rest_route=%2Fwp%2Fv2%2Fcomments&post=33248"}],"version-history":[{"count":5,"href":"https:\/\/vylety.horskachata-arnika.cz\/index.php?rest_route=\/wp\/v2\/pages\/33248\/revisions"}],"predecessor-version":[{"id":36241,"href":"https:\/\/vylety.horskachata-arnika.cz\/index.php?rest_route=\/wp\/v2\/pages\/33248\/revisions\/36241"}],"wp:attachment":[{"href":"https:\/\/vylety.horskachata-arnika.cz\/index.php?rest_route=%2Fwp%2Fv2%2Fmedia&parent=33248"}],"curies":[{"name":"wp","href":"https:\/\/api.w.org\/{rel}","templated":true}]}}